{"id":566,"date":"2024-03-19T07:40:37","date_gmt":"2024-03-19T07:40:37","guid":{"rendered":"https:\/\/consultancy.unboundxr.nl\/?page_id=566"},"modified":"2024-03-22T14:52:53","modified_gmt":"2024-03-22T14:52:53","slug":"innovatieve-xr-oplossingen-voor-degezondheidszorg","status":"publish","type":"page","link":"https:\/\/consultancy.unboundxr.nl\/en\/innovatieve-xr-oplossingen-voor-degezondheidszorg","title":{"rendered":"Innovatieve XR-Oplossingen voor de Gezondheidszorg"},"content":{"rendered":"<div class=\"wp-block-group cms-content-row is-layout-flow wp-block-group-is-layout-flow\">\n<div style=\"height:100px\" aria-hidden=\"true\" class=\"wp-block-spacer small\"><\/div>\n\n\n\n<div class=\"wp-block-group is-vertical is-content-justification-center is-layout-flex wp-container-core-group-is-layout-4b2eccd6 wp-block-group-is-layout-flex\">\n<h3 class=\"wp-block-heading has-text-align-center\" style=\"text-transform:uppercase\">Ontdek onze ISV full-service ondersteuning Voor de gezondheidszorg<\/h3>\n\n\n\n<p class=\"has-text-align-center\">Wij bieden geavanceerde XR-oplossingen voor ziekenhuizen en gezondheidsprofessionals, gericht op het<br>verbeteren van pati\u00ebntenzorg, medische training en operationele effici\u00ebntie. Onze diensten omvatten<br>ondersteuning en het advies bij het selecteren van hardware, software en aftersales support aan de<br>professional of de eindgebruiker door onze 5&#215;8 helpdesk.<\/p>\n\n\n\n<div style=\"height:0px\" aria-hidden=\"true\" class=\"wp-block-spacer small wp-container-content-6388d5dc\"><\/div>\n<\/div>\n\n\n\n<div class=\"wp-block-media-text has-media-on-the-right is-stacked-on-mobile mobile-break-out rounded-full with-shadow\" style=\"grid-template-columns:auto 41%\"><div class=\"wp-block-media-text__content\">\n<div class=\"wp-block-group is-layout-constrained wp-block-group-is-layout-constrained\">\n<h3 class=\"wp-block-heading\" style=\"text-transform:uppercase\">XR-Training voor Gezondheidsprofessionals<\/h3>\n\n\n\n<p>De XR-technologie biedt ongekende mogelijkheden voor medische training en onderwijs. Met Virtual Reality (VR)-simulaties kunnen artsen en verpleegkundigen complexe procedures oefenen in een risicovrije<br>omgeving. Deze simulaties zijn ontworpen om de realiteit zo nauwkeurig mogelijk na te bootsen, waardoor gebruikers praktische ervaring kunnen opdoen zonder echte pati\u00ebnten in gevaar te brengen. Deze aanpak verhoogt niet alleen het zelfvertrouwen van de medische professionals, maar leidt ook tot een hogere kwaliteit van pati\u00ebntenzorg. Unbound kan een diversiteit aan applicaties voor gebruik in de gezondheidszorg aan u demonstreren.<\/p>\n<\/div>\n<\/div><figure class=\"wp-block-media-text__media\"><img loading=\"lazy\" decoding=\"async\" width=\"300\" height=\"169\" src=\"https:\/\/consultancy.unboundxr.nl\/wp-content\/uploads\/RE4XYet1-300x169.png\" alt=\"\" class=\"wp-image-573 size-medium\" srcset=\"https:\/\/consultancy.unboundxr.nl\/wp-content\/uploads\/RE4XYet1-300x169.png 300w, https:\/\/consultancy.unboundxr.nl\/wp-content\/uploads\/RE4XYet1-1024x576.png 1024w, https:\/\/consultancy.unboundxr.nl\/wp-content\/uploads\/RE4XYet1-768x432.png 768w, https:\/\/consultancy.unboundxr.nl\/wp-content\/uploads\/RE4XYet1-1536x864.png 1536w, https:\/\/consultancy.unboundxr.nl\/wp-content\/uploads\/RE4XYet1.png 2000w\" sizes=\"auto, (max-width: 300px) 100vw, 300px\" \/><\/figure><\/div>\n\n\n\n<div style=\"height:100px\" aria-hidden=\"true\" class=\"wp-block-spacer small\"><\/div>\n\n\n\n<div class=\"wp-block-media-text is-stacked-on-mobile mobile-break-out rounded-full with-shadow\" style=\"grid-template-columns:41% auto\"><figure class=\"wp-block-media-text__media\"><img loading=\"lazy\" decoding=\"async\" width=\"1024\" height=\"769\" src=\"https:\/\/consultancy.unboundxr.nl\/wp-content\/uploads\/aci-boland-vr-operating-room-1200xx1503-1129-348-0-1024x769.jpg\" alt=\"\" class=\"wp-image-576 size-full\" srcset=\"https:\/\/consultancy.unboundxr.nl\/wp-content\/uploads\/aci-boland-vr-operating-room-1200xx1503-1129-348-0-1024x769.jpg 1024w, https:\/\/consultancy.unboundxr.nl\/wp-content\/uploads\/aci-boland-vr-operating-room-1200xx1503-1129-348-0-300x225.jpg 300w, https:\/\/consultancy.unboundxr.nl\/wp-content\/uploads\/aci-boland-vr-operating-room-1200xx1503-1129-348-0-768x577.jpg 768w, https:\/\/consultancy.unboundxr.nl\/wp-content\/uploads\/aci-boland-vr-operating-room-1200xx1503-1129-348-0.jpg 1200w\" sizes=\"auto, (max-width: 1024px) 100vw, 1024px\" \/><\/figure><div class=\"wp-block-media-text__content\">\n<div class=\"wp-block-group is-layout-constrained wp-block-group-is-layout-constrained\">\n<h3 class=\"wp-block-heading\" style=\"text-transform:uppercase\">Augmented Reality (AR) in de Operatiekamer<\/h3>\n\n\n\n<p>Augmented Reality (AR)-oplossingen voor chirurgische procedures vertegenwoordigen de toekomst van de operatiekamer. AR-technologie stelt chirurgen in staat om real-time gegevens en beelden direct in hun gezichtsveld te projecteren, waardoor de precisie en veiligheid van operaties aanzienlijk verbeteren. Deze innovatieve benadering faciliteert een snellere besluitvorming en biedt chirurgen gedetailleerde anatomische visualisaties, wat essentieel is voor het succes van complexe ingrepen. Wij brengen u ook graag in contact met de softwaremakers (ISV\u2019s), om uw wensen mee te bespreken.<\/p>\n<\/div>\n<\/div><\/div>\n\n\n\n<div style=\"height:100px\" aria-hidden=\"true\" class=\"wp-block-spacer small\"><\/div>\n\n\n\n<div class=\"wp-block-media-text has-media-on-the-right is-stacked-on-mobile mobile-break-out rounded-full with-shadow\" style=\"grid-template-columns:auto 41%\"><div class=\"wp-block-media-text__content\">\n<div class=\"wp-block-group is-layout-constrained wp-block-group-is-layout-constrained\">\n<h3 class=\"wp-block-heading\" style=\"text-transform:uppercase\">Immersive Therapie\u00ebn voor Pati\u00ebnten<\/h3>\n\n\n\n<p>Unbound Consultancy is zeer bekend met de ontwikkeling van immersive therapie\u00ebn voor pati\u00ebnten. Door middel van VR-technologie kunnen pati\u00ebnten worden ondergedompeld in kalmerende, digitale omgevingen die ontworpen zijn om pijn te verlichten, stress te verminderen en het algehele welzijn te verbeteren. Deze therapie\u00ebn zijn bijzonder waardevol voor pati\u00ebnten die langdurige ziekenhuisopnames ondergaan of die worstelen met angstgerelateerde aandoeningen. Onze op maat gemaakte VR-ervaringen bieden een veilige en effectieve manier om de fysieke en emotionele uitdagingen van het ziekenhuisleven aan te pakken.<\/p>\n<\/div>\n<\/div><figure class=\"wp-block-media-text__media\"><img loading=\"lazy\" decoding=\"async\" width=\"1024\" height=\"572\" src=\"https:\/\/consultancy.unboundxr.nl\/wp-content\/uploads\/medical-training-1024x572.png\" alt=\"\" class=\"wp-image-577 size-full\" srcset=\"https:\/\/consultancy.unboundxr.nl\/wp-content\/uploads\/medical-training-1024x572.png 1024w, https:\/\/consultancy.unboundxr.nl\/wp-content\/uploads\/medical-training-300x167.png 300w, https:\/\/consultancy.unboundxr.nl\/wp-content\/uploads\/medical-training-768x429.png 768w, https:\/\/consultancy.unboundxr.nl\/wp-content\/uploads\/medical-training.png 1399w\" sizes=\"auto, (max-width: 1024px) 100vw, 1024px\" \/><\/figure><\/div>\n\n\n\n<div style=\"height:100px\" aria-hidden=\"true\" class=\"wp-block-spacer small\"><\/div>\n\n\n\n<div class=\"wp-block-media-text is-stacked-on-mobile mobile-break-out rounded-full with-shadow\" style=\"grid-template-columns:41% auto\"><figure class=\"wp-block-media-text__media\"><img loading=\"lazy\" decoding=\"async\" width=\"1024\" height=\"576\" src=\"https:\/\/consultancy.unboundxr.nl\/wp-content\/uploads\/6596368fe0015dd05ae8f460_realism-poster-00001-1024x576.jpg\" alt=\"\" class=\"wp-image-581 size-full\" srcset=\"https:\/\/consultancy.unboundxr.nl\/wp-content\/uploads\/6596368fe0015dd05ae8f460_realism-poster-00001-1024x576.jpg 1024w, https:\/\/consultancy.unboundxr.nl\/wp-content\/uploads\/6596368fe0015dd05ae8f460_realism-poster-00001-300x169.jpg 300w, https:\/\/consultancy.unboundxr.nl\/wp-content\/uploads\/6596368fe0015dd05ae8f460_realism-poster-00001-768x432.jpg 768w, https:\/\/consultancy.unboundxr.nl\/wp-content\/uploads\/6596368fe0015dd05ae8f460_realism-poster-00001.jpg 1280w\" sizes=\"auto, (max-width: 1024px) 100vw, 1024px\" \/><\/figure><div class=\"wp-block-media-text__content\">\n<div class=\"wp-block-group is-layout-constrained wp-block-group-is-layout-constrained\">\n<h3 class=\"wp-block-heading\" style=\"text-transform:uppercase\">Consultancy en Implementatie<\/h3>\n\n\n\n<p>Bij Unbound Consultancy begrijpen we dat de implementatie van XR-technologie in de gezondheidszorg een uitdaging kan zijn. Daarom bieden we niet alleen cutting-edge technologie\u00ebn, maar ook volledige consultancydiensten aan. Ons team van experts werkt nauw samen met ziekenhuizen en gezondheidsprofessionals om oplossingen op maat te laten ontwikkelen die naadloos aansluiten bij hun specifieke behoeften en doelstellingen. Vanaf de initi\u00eble behoefteanalyse tot aan de uiteindelijke implementatie en training, staan we garant voor een soepele integratie van XR-technologie\u00ebn in uw zorginstelling.<\/p>\n<\/div>\n<\/div><\/div>\n\n\n\n<div style=\"height:100px\" aria-hidden=\"true\" class=\"wp-block-spacer small\"><\/div>\n\n\n\n<div class=\"wp-block-media-text has-media-on-the-right is-stacked-on-mobile mobile-break-out rounded-full with-shadow\" style=\"grid-template-columns:auto 41%\"><div class=\"wp-block-media-text__content\">\n<div class=\"wp-block-group is-layout-constrained wp-block-group-is-layout-constrained\">\n<h3 class=\"wp-block-heading\" style=\"text-transform:uppercase\">Toekomstgericht en Innovatief<\/h3>\n\n\n\n<p>Bij Unbound Consultancy zijn we toegewijd aan het voortdurend verkennen van nieuwe mogelijkheden binnen de XR-technologie om de gezondheidszorg te revolutioneren. Onze visie is om een toekomst te cre\u00ebren waarin XR een integraal onderdeel vormt van elke zorginstelling, met als doel de pati\u00ebntenzorg te optimaliseren en de medische training naar een hoger niveau te tillen.<\/p>\n<\/div>\n<\/div><figure class=\"wp-block-media-text__media\"><img loading=\"lazy\" decoding=\"async\" width=\"862\" height=\"575\" src=\"https:\/\/consultancy.unboundxr.nl\/wp-content\/uploads\/1ccdf35adf78b390d596c9e068c8258c.png\" alt=\"\" class=\"wp-image-578 size-full\" srcset=\"https:\/\/consultancy.unboundxr.nl\/wp-content\/uploads\/1ccdf35adf78b390d596c9e068c8258c.png 862w, https:\/\/consultancy.unboundxr.nl\/wp-content\/uploads\/1ccdf35adf78b390d596c9e068c8258c-300x200.png 300w, https:\/\/consultancy.unboundxr.nl\/wp-content\/uploads\/1ccdf35adf78b390d596c9e068c8258c-768x512.png 768w\" sizes=\"auto, (max-width: 862px) 100vw, 862px\" \/><\/figure><\/div>\n\n\n\n<div style=\"height:100px\" aria-hidden=\"true\" class=\"wp-block-spacer\"><\/div>\n\n\n\n<h3 class=\"wp-block-heading has-text-align-center\" style=\"text-transform:uppercase\">Waarom kiezen voor Unbound Consultancy?<\/h3>\n\n\n\n<div style=\"height:100px\" aria-hidden=\"true\" class=\"wp-block-spacer small\"><\/div>\n\n\n\n<div class=\"wp-block-group selling-points-container is-layout-constrained wp-block-group-is-layout-constrained\">\n<div class=\"wp-block-group rounded p-4 has-surface-alternative-background-color has-background is-vertical is-content-justification-center is-layout-flex wp-container-core-group-is-layout-4b2eccd6 wp-block-group-is-layout-flex\">\n<div class=\"wp-block-group is-vertical is-content-justification-center is-nowrap is-layout-flex wp-container-core-group-is-layout-bd425151 wp-block-group-is-layout-flex\">\n<i class=\"fa-regular fa-puzzle-piece text-primary usp-icon\"><\/i>\n<\/div>\n\n\n\n<h4 class=\"wp-block-heading has-text-align-center my-0 mx-auto\" style=\"text-transform:uppercase\">Software onafhankelijk<\/h4>\n\n\n\n<p class=\"has-text-align-center has-mobile-small-font-size\">Geen eigen VR\/AR\/MR softwareproductie,<\/p>\n<\/div>\n\n\n\n<div class=\"wp-block-group rounded p-4 has-surface-alternative-background-color has-background is-vertical is-content-justification-center is-layout-flex wp-container-core-group-is-layout-4b2eccd6 wp-block-group-is-layout-flex\">\n<div class=\"wp-block-group is-vertical is-content-justification-center is-nowrap is-layout-flex wp-container-core-group-is-layout-bd425151 wp-block-group-is-layout-flex\">\n<i class=\"fa-solid fa-scale-balanced text-primary usp-icon\"><\/i>\n<\/div>\n\n\n\n<h4 class=\"wp-block-heading has-text-align-center my-0 mx-auto\" style=\"text-transform:uppercase\">Merk onafhankelijk<\/h4>\n\n\n\n<p class=\"has-text-align-center has-mobile-small-font-size\">Geen eigen VR\/AR\/MR softwareproductie,<\/p>\n<\/div>\n\n\n\n<div class=\"wp-block-group rounded p-4 has-surface-alternative-background-color has-background is-vertical is-content-justification-center is-layout-flex wp-container-core-group-is-layout-4b2eccd6 wp-block-group-is-layout-flex\">\n<div class=\"wp-block-group is-vertical is-content-justification-center is-nowrap is-layout-flex wp-container-core-group-is-layout-bd425151 wp-block-group-is-layout-flex\">\n<i class=\"fa-regular fa-box text-primary usp-icon\"><\/i>\n<\/div>\n\n\n\n<h4 class=\"wp-block-heading has-text-align-center my-0 mx-auto\" style=\"text-transform:uppercase\">Turn-key Leveringen<\/h4>\n\n\n\n<p class=\"has-text-align-center has-mobile-small-font-size\">Compleet geconfigureerde hardware, klaar voor direct gebruik.<\/p>\n<\/div>\n\n\n\n<div class=\"wp-block-group rounded p-4 has-surface-alternative-background-color has-background is-vertical is-content-justification-center is-layout-flex wp-container-core-group-is-layout-4b2eccd6 wp-block-group-is-layout-flex\">\n<div class=\"wp-block-group is-vertical is-content-justification-center is-nowrap is-layout-flex wp-container-core-group-is-layout-bd425151 wp-block-group-is-layout-flex\">\n<i class=\"fa-solid fa-graduation-cap text-primary usp-icon\"><\/i>\n<\/div>\n\n\n\n<h4 class=\"wp-block-heading has-text-align-center my-0 mx-auto\" style=\"text-transform:uppercase\">Uitgebreide Support<\/h4>\n\n\n\n<p class=\"has-text-align-center has-mobile-small-font-size\">Zowel hardware support als eerste lijn softwarehulp voor de eindgebruiker.<\/p>\n<\/div>\n\n\n\n<div class=\"wp-block-group rounded p-4 has-surface-alternative-background-color has-background is-vertical is-content-justification-center is-layout-flex wp-container-core-group-is-layout-4b2eccd6 wp-block-group-is-layout-flex\">\n<div class=\"wp-block-group is-vertical is-content-justification-center is-nowrap is-layout-flex wp-container-core-group-is-layout-bd425151 wp-block-group-is-layout-flex\">\n<i class=\"fa-regular fa-truck text-primary usp-icon\"><\/i>\n<\/div>\n\n\n\n<h4 class=\"wp-block-heading has-text-align-center my-0 mx-auto\" style=\"text-transform:uppercase\">Wereldwijde Verzending<\/h4>\n\n\n\n<p class=\"has-text-align-center has-mobile-small-font-size\">Uw bestellingen veilig en effici\u00ebnt afgeleverd, waar ook ter wereld.<\/p>\n<\/div>\n\n\n\n<div class=\"wp-block-group rounded p-4 has-surface-alternative-background-color has-background is-vertical is-content-justification-center is-layout-flex wp-container-core-group-is-layout-4b2eccd6 wp-block-group-is-layout-flex\">\n<div class=\"wp-block-group is-vertical is-content-justification-center is-nowrap is-layout-flex wp-container-core-group-is-layout-bd425151 wp-block-group-is-layout-flex\">\n<i class=\"fa-regular fa-puzzle-piece text-primary usp-icon\"><\/i>\n<\/div>\n\n\n\n<h4 class=\"wp-block-heading has-text-align-center my-0 mx-auto\" style=\"text-transform:uppercase\">Verantwoordelijk en Verzekerd<\/h4>\n\n\n\n<p class=\"has-text-align-center has-mobile-small-font-size\">WEEE-registratie en productaansprakelijkheidsverzekering voor uw gemoedsrust.<\/p>\n<\/div>\n<\/div>\n\n\n\n<div style=\"height:100px\" aria-hidden=\"true\" class=\"wp-block-spacer small\"><\/div>\n\n\n\n<div style=\"height:100px\" aria-hidden=\"true\" class=\"wp-block-spacer\"><\/div>\n<\/div>\n\n\n\n<div class=\"wp-block-media-text is-stacked-on-mobile is-image-fill bg-white rounded mobile-break-out\"><figure class=\"wp-block-media-text__media\" style=\"background-image:url(https:\/\/consultancy.unboundxr.nl\/wp-content\/uploads\/image-19.png);background-position:50% 50%\"><img loading=\"lazy\" decoding=\"async\" width=\"653\" height=\"380\" src=\"https:\/\/consultancy.unboundxr.nl\/wp-content\/uploads\/image-19.png\" alt=\"\" class=\"wp-image-168 size-full\" srcset=\"https:\/\/consultancy.unboundxr.nl\/wp-content\/uploads\/image-19.png 653w, https:\/\/consultancy.unboundxr.nl\/wp-content\/uploads\/image-19-300x175.png 300w\" sizes=\"auto, (max-width: 653px) 100vw, 653px\" \/><\/figure><div class=\"wp-block-media-text__content\">\n<div class=\"wp-block-group is-layout-constrained wp-block-group-is-layout-constrained\">\n<h3 class=\"wp-block-heading\">Onze Diensten Uitgelicht<\/h3>\n\n\n\n<p>Van hardware demonstraties tot aan de levering van de meest geavanceerde XR-apparatuur, Unbound Consultancy staat klaar om elk aspect van uw hardwarebehoeften te beheren. Ons aanbod omvat pre-sales services zoals demonstraties, advies, en de verzorging van demo-\/leenkits, evenals after-sales ondersteuning zoals uitgebreide garanties, vervangende producten, en versiebeheer van software op de apparaten.<\/p>\n\n\n\n<p>Neem vandaag nog contact met ons op voor een vrijblijvend gesprek. Samen kunnen we de toekomst van de gezondheidszorg vormgeven.<\/p>\n\n\n\n<div class=\"wp-block-buttons is-layout-flex wp-block-buttons-is-layout-flex\">\n<div class=\"wp-block-button text-button\"><a class=\"wp-block-button__link wp-element-button\" href=\"mailto:consultancy@unboundxr.nl\">Via consultancy@unboundxr.nl  <i class=\"fak fa-chevron-right-solid\"><\/i><\/a><\/div>\n<\/div>\n<\/div>\n<\/div><\/div>\n\n\n\n<div style=\"height:100px\" aria-hidden=\"true\" class=\"wp-block-spacer hidden md:block\"><\/div>\n\n\n\n<p><\/p>","protected":false},"excerpt":{"rendered":"<p>Ontdek onze ISV full-service ondersteuning Voor de gezondheidszorg Wij bieden geavanceerde XR-oplossingen voor ziekenhuizen en gezondheidsprofessionals, gericht op hetverbeteren van pati\u00ebntenzorg, medische training en operationele effici\u00ebntie. Onze diensten omvattenondersteuning en het advies bij het selecteren van hardware, software en aftersales support aan deprofessional of de eindgebruiker door onze 5&#215;8 helpdesk. XR-Training voor Gezondheidsprofessionals De XR-technologie [&hellip;]<\/p>","protected":false},"author":1,"featured_media":567,"parent":0,"menu_order":0,"comment_status":"closed","ping_status":"closed","template":"","meta":{"footnotes":""},"class_list":["post-566","page","type-page","status-publish","has-post-thumbnail","hentry"],"yoast_head":"<!-- This site is optimized with the Yoast SEO plugin v22.0 - https:\/\/yoast.com\/wordpress\/plugins\/seo\/ -->\n<title>Innovatieve XR-Oplossingen voor de Gezondheidszorg - Unbound Consultancy<\/title>\n<meta name=\"description\" content=\"Innovatieve XR-Oplossingen voor de Gezondheidszorg\" \/>\n<meta name=\"robots\" content=\"index, follow, max-snippet:-1, max-image-preview:large, max-video-preview:-1\" \/>\n<link rel=\"canonical\" href=\"https:\/\/consultancy.unboundxr.nl\/en\/innovatieve-xr-oplossingen-voor-degezondheidszorg\/\" \/>\n<meta property=\"og:locale\" content=\"en_GB\" \/>\n<meta property=\"og:type\" content=\"article\" \/>\n<meta property=\"og:title\" content=\"Innovatieve XR-Oplossingen voor de Gezondheidszorg - Unbound Consultancy\" \/>\n<meta property=\"og:description\" content=\"Innovatieve XR-Oplossingen voor de Gezondheidszorg\" \/>\n<meta property=\"og:url\" content=\"https:\/\/consultancy.unboundxr.nl\/en\/innovatieve-xr-oplossingen-voor-degezondheidszorg\/\" \/>\n<meta property=\"og:site_name\" content=\"Unbound Consultancy\" \/>\n<meta property=\"article:publisher\" content=\"https:\/\/www.facebook.com\/unbound.nl\/\" \/>\n<meta property=\"article:modified_time\" content=\"2024-03-22T14:52:53+00:00\" \/>\n<meta property=\"og:image\" content=\"https:\/\/consultancy.unboundxr.nl\/wp-content\/uploads\/cinematic-rendering-and-hololens2_header-1500x500-1.jpg\" \/>\n\t<meta property=\"og:image:width\" content=\"1500\" \/>\n\t<meta property=\"og:image:height\" content=\"500\" \/>\n\t<meta property=\"og:image:type\" content=\"image\/jpeg\" \/>\n<meta name=\"twitter:card\" content=\"summary_large_image\" \/>\n<meta name=\"twitter:label1\" content=\"Estimated reading time\" \/>\n\t<meta name=\"twitter:data1\" content=\"4 minutes\" \/>\n<script type=\"application\/ld+json\" class=\"yoast-schema-graph\">{\"@context\":\"https:\/\/schema.org\",\"@graph\":[{\"@type\":\"WebPage\",\"@id\":\"https:\/\/consultancy.unboundxr.nl\/innovatieve-xr-oplossingen-voor-degezondheidszorg\",\"url\":\"https:\/\/consultancy.unboundxr.nl\/innovatieve-xr-oplossingen-voor-degezondheidszorg\",\"name\":\"Innovatieve XR-Oplossingen voor de Gezondheidszorg - Unbound Consultancy\",\"isPartOf\":{\"@id\":\"https:\/\/consultancy.unboundxr.nl\/#website\"},\"datePublished\":\"2024-03-19T07:40:37+00:00\",\"dateModified\":\"2024-03-22T14:52:53+00:00\",\"description\":\"Innovatieve XR-Oplossingen voor de Gezondheidszorg\",\"breadcrumb\":{\"@id\":\"https:\/\/consultancy.unboundxr.nl\/innovatieve-xr-oplossingen-voor-degezondheidszorg#breadcrumb\"},\"inLanguage\":\"en-GB\",\"potentialAction\":[{\"@type\":\"ReadAction\",\"target\":[\"https:\/\/consultancy.unboundxr.nl\/innovatieve-xr-oplossingen-voor-degezondheidszorg\"]}]},{\"@type\":\"BreadcrumbList\",\"@id\":\"https:\/\/consultancy.unboundxr.nl\/innovatieve-xr-oplossingen-voor-degezondheidszorg#breadcrumb\",\"itemListElement\":[{\"@type\":\"ListItem\",\"position\":1,\"name\":\"Home\",\"item\":\"https:\/\/consultancy.unboundxr.nl\/\"},{\"@type\":\"ListItem\",\"position\":2,\"name\":\"Innovatieve XR-Oplossingen voor de Gezondheidszorg\"}]},{\"@type\":\"WebSite\",\"@id\":\"https:\/\/consultancy.unboundxr.nl\/#website\",\"url\":\"https:\/\/consultancy.unboundxr.nl\/\",\"name\":\"Unbound XR Consultancy\",\"description\":\"XR strategy, implementation &amp; impact\",\"publisher\":{\"@id\":\"https:\/\/consultancy.unboundxr.nl\/#organization\"},\"alternateName\":\"Unbound Consultancy\",\"potentialAction\":[{\"@type\":\"SearchAction\",\"target\":{\"@type\":\"EntryPoint\",\"urlTemplate\":\"https:\/\/consultancy.unboundxr.nl\/?s={search_term_string}\"},\"query-input\":\"required name=search_term_string\"}],\"inLanguage\":\"en-GB\"},{\"@type\":\"Organization\",\"@id\":\"https:\/\/consultancy.unboundxr.nl\/#organization\",\"name\":\"Unbound XR\",\"url\":\"https:\/\/consultancy.unboundxr.nl\/\",\"logo\":{\"@type\":\"ImageObject\",\"inLanguage\":\"en-GB\",\"@id\":\"https:\/\/consultancy.unboundxr.nl\/#\/schema\/logo\/image\/\",\"url\":\"https:\/\/consultancy.unboundxr.nl\/wp-content\/uploads\/unboundxr-logo.svg\",\"contentUrl\":\"https:\/\/consultancy.unboundxr.nl\/wp-content\/uploads\/unboundxr-logo.svg\",\"width\":196,\"height\":30,\"caption\":\"Unbound XR\"},\"image\":{\"@id\":\"https:\/\/consultancy.unboundxr.nl\/#\/schema\/logo\/image\/\"},\"sameAs\":[\"https:\/\/www.facebook.com\/unbound.nl\/\",\"https:\/\/www.linkedin.com\/company\/unboundxr\/\"]}]}<\/script>\n<!-- \/ Yoast SEO plugin. -->","yoast_head_json":{"title":"Innovatieve XR-Oplossingen voor de Gezondheidszorg - Unbound Consultancy","description":"Innovatieve XR-Oplossingen voor de Gezondheidszorg","robots":{"index":"index","follow":"follow","max-snippet":"max-snippet:-1","max-image-preview":"max-image-preview:large","max-video-preview":"max-video-preview:-1"},"canonical":"https:\/\/consultancy.unboundxr.nl\/en\/innovatieve-xr-oplossingen-voor-degezondheidszorg\/","og_locale":"en_GB","og_type":"article","og_title":"Innovatieve XR-Oplossingen voor de Gezondheidszorg - Unbound Consultancy","og_description":"Innovatieve XR-Oplossingen voor de Gezondheidszorg","og_url":"https:\/\/consultancy.unboundxr.nl\/en\/innovatieve-xr-oplossingen-voor-degezondheidszorg\/","og_site_name":"Unbound Consultancy","article_publisher":"https:\/\/www.facebook.com\/unbound.nl\/","article_modified_time":"2024-03-22T14:52:53+00:00","og_image":[{"width":1500,"height":500,"url":"https:\/\/consultancy.unboundxr.nl\/wp-content\/uploads\/cinematic-rendering-and-hololens2_header-1500x500-1.jpg","type":"image\/jpeg"}],"twitter_card":"summary_large_image","twitter_misc":{"Estimated reading time":"4 minutes"},"schema":{"@context":"https:\/\/schema.org","@graph":[{"@type":"WebPage","@id":"https:\/\/consultancy.unboundxr.nl\/innovatieve-xr-oplossingen-voor-degezondheidszorg","url":"https:\/\/consultancy.unboundxr.nl\/innovatieve-xr-oplossingen-voor-degezondheidszorg","name":"Innovatieve XR-Oplossingen voor de Gezondheidszorg - Unbound Consultancy","isPartOf":{"@id":"https:\/\/consultancy.unboundxr.nl\/#website"},"datePublished":"2024-03-19T07:40:37+00:00","dateModified":"2024-03-22T14:52:53+00:00","description":"Innovatieve XR-Oplossingen voor de Gezondheidszorg","breadcrumb":{"@id":"https:\/\/consultancy.unboundxr.nl\/innovatieve-xr-oplossingen-voor-degezondheidszorg#breadcrumb"},"inLanguage":"en-GB","potentialAction":[{"@type":"ReadAction","target":["https:\/\/consultancy.unboundxr.nl\/innovatieve-xr-oplossingen-voor-degezondheidszorg"]}]},{"@type":"BreadcrumbList","@id":"https:\/\/consultancy.unboundxr.nl\/innovatieve-xr-oplossingen-voor-degezondheidszorg#breadcrumb","itemListElement":[{"@type":"ListItem","position":1,"name":"Home","item":"https:\/\/consultancy.unboundxr.nl\/"},{"@type":"ListItem","position":2,"name":"Innovatieve XR-Oplossingen voor de Gezondheidszorg"}]},{"@type":"WebSite","@id":"https:\/\/consultancy.unboundxr.nl\/#website","url":"https:\/\/consultancy.unboundxr.nl\/","name":"Unbound XR Consultancy","description":"XR strategy, implementation &amp; impact","publisher":{"@id":"https:\/\/consultancy.unboundxr.nl\/#organization"},"alternateName":"Unbound Consultancy","potentialAction":[{"@type":"SearchAction","target":{"@type":"EntryPoint","urlTemplate":"https:\/\/consultancy.unboundxr.nl\/?s={search_term_string}"},"query-input":"required name=search_term_string"}],"inLanguage":"en-GB"},{"@type":"Organization","@id":"https:\/\/consultancy.unboundxr.nl\/#organization","name":"Unbound XR","url":"https:\/\/consultancy.unboundxr.nl\/","logo":{"@type":"ImageObject","inLanguage":"en-GB","@id":"https:\/\/consultancy.unboundxr.nl\/#\/schema\/logo\/image\/","url":"https:\/\/consultancy.unboundxr.nl\/wp-content\/uploads\/unboundxr-logo.svg","contentUrl":"https:\/\/consultancy.unboundxr.nl\/wp-content\/uploads\/unboundxr-logo.svg","width":196,"height":30,"caption":"Unbound XR"},"image":{"@id":"https:\/\/consultancy.unboundxr.nl\/#\/schema\/logo\/image\/"},"sameAs":["https:\/\/www.facebook.com\/unbound.nl\/","https:\/\/www.linkedin.com\/company\/unboundxr\/"]}]}},"_links":{"self":[{"href":"https:\/\/consultancy.unboundxr.nl\/en\/wp-json\/wp\/v2\/pages\/566","targetHints":{"allow":["GET"]}}],"collection":[{"href":"https:\/\/consultancy.unboundxr.nl\/en\/wp-json\/wp\/v2\/pages"}],"about":[{"href":"https:\/\/consultancy.unboundxr.nl\/en\/wp-json\/wp\/v2\/types\/page"}],"author":[{"embeddable":true,"href":"https:\/\/consultancy.unboundxr.nl\/en\/wp-json\/wp\/v2\/users\/1"}],"replies":[{"embeddable":true,"href":"https:\/\/consultancy.unboundxr.nl\/en\/wp-json\/wp\/v2\/comments?post=566"}],"version-history":[{"count":9,"href":"https:\/\/consultancy.unboundxr.nl\/en\/wp-json\/wp\/v2\/pages\/566\/revisions"}],"predecessor-version":[{"id":618,"href":"https:\/\/consultancy.unboundxr.nl\/en\/wp-json\/wp\/v2\/pages\/566\/revisions\/618"}],"wp:featuredmedia":[{"embeddable":true,"href":"https:\/\/consultancy.unboundxr.nl\/en\/wp-json\/wp\/v2\/media\/567"}],"wp:attachment":[{"href":"https:\/\/consultancy.unboundxr.nl\/en\/wp-json\/wp\/v2\/media?parent=566"}],"curies":[{"name":"wp","href":"https:\/\/api.w.org\/{rel}","templated":true}]}}