{"id":754,"date":"2024-04-17T07:56:49","date_gmt":"2024-04-17T07:56:49","guid":{"rendered":"https:\/\/consultancy.unboundxr.nl\/?page_id=754"},"modified":"2024-05-06T09:40:12","modified_gmt":"2024-05-06T09:40:12","slug":"klm-transport-en-logistiek","status":"publish","type":"page","link":"https:\/\/consultancy.unboundxr.nl\/en\/klm-transport-en-logistiek","title":{"rendered":"KLM, transport en logistiek"},"content":{"rendered":"<div style=\"height:100px\" aria-hidden=\"true\" class=\"wp-block-spacer small\"><\/div>\n\n\n\n<div class=\"wp-block-group is-vertical is-content-justification-center is-layout-flex wp-container-core-group-is-layout-4b2eccd6 wp-block-group-is-layout-flex\">\n<h3 class=\"wp-block-heading has-text-align-center\" style=\"text-transform:uppercase\">XR een stimulans voor effici\u00ebntie en innovatie in de transport en logistieke sector<\/h3>\n\n\n\n<p class=\"has-text-align-center\">Door onze ervaring met partners zoals Air France KLM, waar we succesvol XR-toepassingen hebben ondersteund bij de implementatie van betere, duurzamere, en kostenbesparende trainingen, zijn we perfect gepositioneerd om uw bedrijf te transformeren. We begrijpen de waarde van persoonlijk contact en samenwerking voor groei en innovatie. Ontdek hoe onze op maat gemaakte XR-oplossingen uw trainingsmethoden kunnen revolutioneren en een nieuwe standaard zetten in de industrie. Meer informatie over onze succesvolle samenwerking met Air France KLM en de mogelijkheden voor uw sector <a href=\"https:\/\/www.sogeti.com\/link\/8d90231a8353488dbe5938d6b9544f06.aspx\">vindt u hier<\/a>.<\/p>\n\n\n\n<div style=\"height:0px\" aria-hidden=\"true\" class=\"wp-block-spacer small wp-container-content-6388d5dc\"><\/div>\n<\/div>\n\n\n\n<div class=\"wp-block-media-text has-media-on-the-right is-stacked-on-mobile mobile-break-out rounded-full with-shadow\" style=\"grid-template-columns:auto 41%\"><div class=\"wp-block-media-text__content\">\n<div class=\"wp-block-group is-layout-constrained wp-block-group-is-layout-constrained\">\n<h3 class=\"wp-block-heading\" style=\"text-transform:uppercase\">De rol van Unbound Consultancy<\/h3>\n\n\n\n<p>Om de rol van Unbound Consultancy in de transport- en logistieke sector verder te belichten, richten we ons op de innovatieve implementatie van Extended Reality (XR) technologie\u00ebn. Deze technologie\u00ebn bieden ongekende mogelijkheden voor training, simulatie en operatieverbeteringen.<br><\/p>\n\n\n\n<p>Bij Unbound Consultancy begrijpen we de uitdagingen waar de sector mee kampt, zoals de noodzaak voor kosteneffici\u00ebnte trainingen, het verhogen van de operationele effici\u00ebntie, en het reduceren van de ecologische voetafdruk. XR-technologie\u00ebn bieden hiervoor krachtige oplossingen. Door gebruik te maken van Virtual Reality (VR), Augmented Reality (AR), en Mixed Reality (MR), kunnen complexe processen gevisualiseerd en gesimuleerd worden in een veilige en controleerbare omgeving<\/p>\n<\/div>\n<\/div><figure class=\"wp-block-media-text__media\"><img loading=\"lazy\" decoding=\"async\" width=\"1024\" height=\"673\" src=\"https:\/\/consultancy.unboundxr.nl\/wp-content\/uploads\/3Drepo_TRL_VR_GATEway-1024x673.jpg\" alt=\"\" class=\"wp-image-760 size-medium\" srcset=\"https:\/\/consultancy.unboundxr.nl\/wp-content\/uploads\/3Drepo_TRL_VR_GATEway-1024x673.jpg 1024w, https:\/\/consultancy.unboundxr.nl\/wp-content\/uploads\/3Drepo_TRL_VR_GATEway-300x197.jpg 300w, https:\/\/consultancy.unboundxr.nl\/wp-content\/uploads\/3Drepo_TRL_VR_GATEway-768x505.jpg 768w, https:\/\/consultancy.unboundxr.nl\/wp-content\/uploads\/3Drepo_TRL_VR_GATEway-1536x1010.jpg 1536w, https:\/\/consultancy.unboundxr.nl\/wp-content\/uploads\/3Drepo_TRL_VR_GATEway-2048x1346.jpg 2048w\" sizes=\"auto, (max-width: 1024px) 100vw, 1024px\" \/><\/figure><\/div>\n\n\n\n<div style=\"height:100px\" aria-hidden=\"true\" class=\"wp-block-spacer small\"><\/div>\n\n\n\n<div class=\"wp-block-media-text is-stacked-on-mobile mobile-break-out rounded-full with-shadow\" style=\"grid-template-columns:41% auto\"><figure class=\"wp-block-media-text__media\"><img loading=\"lazy\" decoding=\"async\" width=\"1024\" height=\"538\" src=\"https:\/\/consultancy.unboundxr.nl\/wp-content\/uploads\/sogeti-klantcase-klm-sogeti-ai-vr-testing-social-1-1024x538.png\" alt=\"\" class=\"wp-image-781 size-full\" srcset=\"https:\/\/consultancy.unboundxr.nl\/wp-content\/uploads\/sogeti-klantcase-klm-sogeti-ai-vr-testing-social-1-1024x538.png 1024w, https:\/\/consultancy.unboundxr.nl\/wp-content\/uploads\/sogeti-klantcase-klm-sogeti-ai-vr-testing-social-1-300x158.png 300w, https:\/\/consultancy.unboundxr.nl\/wp-content\/uploads\/sogeti-klantcase-klm-sogeti-ai-vr-testing-social-1-768x403.png 768w, https:\/\/consultancy.unboundxr.nl\/wp-content\/uploads\/sogeti-klantcase-klm-sogeti-ai-vr-testing-social-1.png 1200w\" sizes=\"auto, (max-width: 1024px) 100vw, 1024px\" \/><\/figure><div class=\"wp-block-media-text__content\">\n<div class=\"wp-block-group is-layout-constrained wp-block-group-is-layout-constrained\">\n<h3 class=\"wp-block-heading\" style=\"text-transform:uppercase\">Bewezen succes en daadkracht<\/h3>\n\n\n\n<p>In de casus van Air France KLM hebben we aangetoond hoe XR-technologie kan worden ingezet om trainingen te verbeteren. Trainees konden immersieve ervaringen ondergaan, die niet alleen boeiender, maar ook kosteneffici\u00ebnter waren dan traditionele methoden. Dit resulteerde in een snellere leercurve en een beter begrip van de materie, zonder dat daarbij extra resources nodig waren.<br><\/p>\n\n\n\n<p>De inzet van XR biedt bovendien de mogelijkheid om real-time data en analytics te integreren, waardoor de prestaties van werknemers voortdurend ge\u00ebvalueerd en geoptimaliseerd kunnen worden. Dit leidt tot een hogere productiviteit en effici\u00ebntie op de werkvloer. <br><br>Unbound Consultancy zet zich in om deze technologie toegankelijk te maken voor alle spelers in de transport- en logistieke sector. Ons team van experts werkt nauw samen met klanten om maatwerkoplossingen te bieden die aansluiten bij specifieke bedrijfsbehoeften en uitdagingen. Van het ontwerpen van de eerste concepten tot de uiteindelijke implementatie en training, wij begeleiden onze klanten bij elke stap.\u2028<\/p>\n<\/div>\n<\/div><\/div>\n\n\n\n<div style=\"height:100px\" aria-hidden=\"true\" class=\"wp-block-spacer small\"><\/div>\n\n\n\n<h3 class=\"wp-block-heading has-text-align-center\" style=\"text-transform:uppercase\">Waarom kiezen voor Unbound Consultancy?<\/h3>\n\n\n\n<p class=\"has-text-align-center\">Wij geloven sterk in de kracht van samenwerking en innovatie. Door samen te werken, kunnen we de transport- en logistieke sector transformeren en voorbereiden op de toekomst. Ontdek hoe Unbound Consultancy uw bedrijf kan helpen om voorop te lopen in deze spannende technologische revolutie.<\/p>\n\n\n\n<div style=\"height:100px\" aria-hidden=\"true\" class=\"wp-block-spacer small\"><\/div>\n\n\n\n<div class=\"wp-block-group selling-points-container is-layout-constrained wp-block-group-is-layout-constrained\">\n<div class=\"wp-block-group rounded p-4 has-surface-alternative-background-color has-background is-vertical is-content-justification-center is-layout-flex wp-container-core-group-is-layout-4b2eccd6 wp-block-group-is-layout-flex\">\n<div style=\"height:21px\" aria-hidden=\"true\" class=\"wp-block-spacer wp-container-content-a94db315\"><\/div>\n\n\n\n<p class=\"has-xxxl-font-size\"><i class=\"far fa-puzzle-piece\"><\/i><\/p>\n\n\n\n<h4 class=\"wp-block-heading has-text-align-center my-0 mx-auto\" style=\"text-transform:uppercase\">Advies op Maat<\/h4>\n\n\n\n<p class=\"has-text-align-center leading-tight has-small-font-size\">We bieden strategisch advies op maat, gericht op het identificeren van de meest effectieve manieren om XR-technologie te integreren in uw leer- en ontwikkelingsstrategie<\/p>\n\n\n\n<div style=\"height:12px\" aria-hidden=\"true\" class=\"wp-block-spacer wp-container-content-cc4259ba\"><\/div>\n<\/div>\n\n\n\n<div class=\"wp-block-group rounded p-4 has-surface-alternative-background-color has-background is-vertical is-content-justification-center is-layout-flex wp-container-core-group-is-layout-4b2eccd6 wp-block-group-is-layout-flex\">\n<div class=\"wp-block-group is-vertical is-content-justification-center is-nowrap is-layout-flex wp-container-core-group-is-layout-bd425151 wp-block-group-is-layout-flex\">\n<div style=\"height:21px\" aria-hidden=\"true\" class=\"wp-block-spacer wp-container-content-a94db315\"><\/div>\n\n\n\n<p class=\"has-xxxl-font-size\"><i class=\"fas fa-scale-balanced\"><\/i><\/p>\n<\/div>\n\n\n\n<h4 class=\"wp-block-heading has-text-align-center my-0 mx-auto\" style=\"text-transform:uppercase\">Technische Implementatie<\/h4>\n\n\n\n<p class=\"has-text-align-center leading-tight has-small-font-size\">Ons team van deskundigen ondersteunt u bij de selectie van de juiste hardware en software, en zorgt voor een soepele implementatie binnen uw bestaande infrastructuur.<\/p>\n\n\n\n<div style=\"height:12px\" aria-hidden=\"true\" class=\"wp-block-spacer wp-container-content-cc4259ba\"><\/div>\n<\/div>\n\n\n\n<div class=\"wp-block-group rounded p-4 has-surface-alternative-background-color has-background is-vertical is-content-justification-center is-layout-flex wp-container-core-group-is-layout-4b2eccd6 wp-block-group-is-layout-flex\">\n<div class=\"wp-block-group is-vertical is-content-justification-center is-nowrap is-layout-flex wp-container-core-group-is-layout-bd425151 wp-block-group-is-layout-flex\">\n<div style=\"height:21px\" aria-hidden=\"true\" class=\"wp-block-spacer wp-container-content-a94db315\"><\/div>\n\n\n\n<p class=\"has-xxxl-font-size\"><i class=\"far fa-box\"><\/i><\/p>\n<\/div>\n\n\n\n<h4 class=\"wp-block-heading has-text-align-center my-0 mx-auto\" style=\"text-transform:uppercase\">Inhoudsontwikkeling<\/h4>\n\n\n\n<p class=\"has-text-align-center leading-tight has-small-font-size\">We werken samen met u en uw software partners aan het ontwikkelen van op maat gemaakte, leerinhoud die is ontworpen om uw educatieve doelstellingen te realiseren.<\/p>\n\n\n\n<div style=\"height:0px\" aria-hidden=\"true\" class=\"wp-block-spacer wp-container-content-cc4259ba\"><\/div>\n<\/div>\n\n\n\n<div class=\"wp-block-group rounded p-4 has-surface-alternative-background-color has-background is-vertical is-content-justification-center is-layout-flex wp-container-core-group-is-layout-4b2eccd6 wp-block-group-is-layout-flex\">\n<div class=\"wp-block-group is-vertical is-content-justification-center is-nowrap is-layout-flex wp-container-core-group-is-layout-bd425151 wp-block-group-is-layout-flex\">\n<div style=\"height:21px\" aria-hidden=\"true\" class=\"wp-block-spacer wp-container-content-a94db315\"><\/div>\n\n\n\n<p class=\"has-xxxl-font-size\"><i class=\"fas fa-graduation-cap\"><\/i><\/p>\n<\/div>\n\n\n\n<h4 class=\"wp-block-heading has-text-align-center my-0 mx-auto\" style=\"text-transform:uppercase\">Training en Ondersteuning<\/h4>\n\n\n\n<p class=\"has-text-align-center leading-tight has-small-font-size\">Om te zorgen voor een naadloze overgang en duurzaam succes, bieden we uitgebreide trainingen voor uw team, evenals voortdurende technische ondersteuning.<\/p>\n\n\n\n<div style=\"height:0px\" aria-hidden=\"true\" class=\"wp-block-spacer wp-container-content-cc4259ba\"><\/div>\n<\/div>\n<\/div>\n\n\n\n<div style=\"height:100px\" aria-hidden=\"true\" class=\"wp-block-spacer small\"><\/div>\n\n\n\n<h3 class=\"wp-block-heading\">Een Toekomst Gericht op Groei en Innovatie<\/h3>\n\n\n\n<p>Het implementeren van XR-technologie in de logistiek en transportsector betekent een vooruitgang in op veel vlakken en een investering in de toekomst. Deze technologie breekt met veel traditionele werkmethoden en cre\u00ebert een omgeving die innovatie stimuleert, de betrokkenheid vergroot, en de kennis- en vaardighedenretentie verbetert. Unbound Consultancy streeft ernaar om XR-technologie te benutten voor het behalen van uw doelstellingen in deze dynamische sector.<br><br><\/p>\n\n\n\n<h5 class=\"wp-block-heading\">Onze Diensten Uitgelicht<\/h5>\n\n\n\n<p>Van hardware demonstraties tot aan de levering van de meest geavanceerde XR-apparatuur, Unbound Consultancy staat klaar om elk aspect van uw hardwarebehoeften te beheren. Ons aanbod omvat pre-sales services zoals demonstraties, advies, en de verzorging van demo-\/leenkits, evenals after-sales ondersteuning zoals uitgebreide garanties, vervangende producten, en versiebeheer van software op de apparaten.<\/p>\n\n\n\n<div style=\"height:100px\" aria-hidden=\"true\" class=\"wp-block-spacer\"><\/div>\n\n\n\n<div class=\"wp-block-media-text is-stacked-on-mobile is-image-fill bg-white rounded mobile-break-out\"><figure class=\"wp-block-media-text__media\" style=\"background-image:url(https:\/\/consultancy.unboundxr.nl\/wp-content\/uploads\/image-19.png);background-position:50% 50%\"><img loading=\"lazy\" decoding=\"async\" width=\"653\" height=\"380\" src=\"https:\/\/consultancy.unboundxr.nl\/wp-content\/uploads\/image-19.png\" alt=\"\" class=\"wp-image-168 size-full\" srcset=\"https:\/\/consultancy.unboundxr.nl\/wp-content\/uploads\/image-19.png 653w, https:\/\/consultancy.unboundxr.nl\/wp-content\/uploads\/image-19-300x175.png 300w\" sizes=\"auto, (max-width: 653px) 100vw, 653px\" \/><\/figure><div class=\"wp-block-media-text__content\">\n<div class=\"wp-block-group is-layout-constrained wp-block-group-is-layout-constrained\">\n<h3 class=\"wp-block-heading\">Neem contact met ons<\/h3>\n<\/div>\n\n\n\n<p>We nodigen u uit om contact met ons op te nemen voor een vrijblijvend gesprek over hoe Unbound Consultancy uw organisatie kan ondersteunen bij het omarmen van de toekomst van leren en ontwikkelen met XR-technologie. Samen kunnen we een leeromgeving cre\u00ebren die niet alleen informatief en boeiend is, maar die ook de weg vrijmaakt voor voortdurende groei en innovatie<\/p>\n\n\n\n<div class=\"wp-block-group is-layout-constrained wp-block-group-is-layout-constrained\">\n<div class=\"wp-block-buttons is-layout-flex wp-block-buttons-is-layout-flex\">\n<div class=\"wp-block-button text-button\"><a class=\"wp-block-button__link wp-element-button\" href=\"mailto:consultancy@unboundxr.nl\">Via consultancy@unboundxr.nl  <i class=\"fak fa-chevron-right-solid\"><\/i><\/a><\/div>\n<\/div>\n<\/div>\n<\/div><\/div>\n\n\n\n<div style=\"height:100px\" aria-hidden=\"true\" class=\"wp-block-spacer hidden md:block\"><\/div>","protected":false},"excerpt":{"rendered":"<p>XR een stimulans voor effici\u00ebntie en innovatie in de transport en logistieke sector Door onze ervaring met partners zoals Air France KLM, waar we succesvol XR-toepassingen hebben ondersteund bij de implementatie van betere, duurzamere, en kostenbesparende trainingen, zijn we perfect gepositioneerd om uw bedrijf te transformeren. We begrijpen de waarde van persoonlijk contact en samenwerking [&hellip;]<\/p>","protected":false},"author":1,"featured_media":755,"parent":0,"menu_order":0,"comment_status":"closed","ping_status":"closed","template":"","meta":{"footnotes":""},"class_list":["post-754","page","type-page","status-publish","has-post-thumbnail","hentry"],"yoast_head":"<!-- This site is optimized with the Yoast SEO plugin v22.0 - https:\/\/yoast.com\/wordpress\/plugins\/seo\/ -->\n<title>KLM, transport en logistiek - Unbound Consultancy<\/title>\n<meta name=\"description\" content=\"KLM, transport en logistiek\" \/>\n<meta name=\"robots\" content=\"index, follow, max-snippet:-1, max-image-preview:large, max-video-preview:-1\" \/>\n<link rel=\"canonical\" href=\"https:\/\/consultancy.unboundxr.nl\/en\/klm-transport-en-logistiek\/\" \/>\n<meta property=\"og:locale\" content=\"en_GB\" \/>\n<meta property=\"og:type\" content=\"article\" \/>\n<meta property=\"og:title\" content=\"KLM, transport en logistiek - Unbound Consultancy\" \/>\n<meta property=\"og:description\" content=\"KLM, transport en logistiek\" \/>\n<meta property=\"og:url\" content=\"https:\/\/consultancy.unboundxr.nl\/en\/klm-transport-en-logistiek\/\" \/>\n<meta property=\"og:site_name\" content=\"Unbound Consultancy\" \/>\n<meta property=\"article:publisher\" content=\"https:\/\/www.facebook.com\/unbound.nl\/\" \/>\n<meta property=\"article:modified_time\" content=\"2024-05-06T09:40:12+00:00\" \/>\n<meta property=\"og:image\" content=\"https:\/\/consultancy.unboundxr.nl\/wp-content\/uploads\/klm_vr_c_klm_1280.jpg\" \/>\n\t<meta property=\"og:image:width\" content=\"852\" \/>\n\t<meta property=\"og:image:height\" content=\"474\" \/>\n\t<meta property=\"og:image:type\" content=\"image\/jpeg\" \/>\n<meta name=\"twitter:card\" content=\"summary_large_image\" \/>\n<meta name=\"twitter:label1\" content=\"Estimated reading time\" \/>\n\t<meta name=\"twitter:data1\" content=\"4 minutes\" \/>\n<script type=\"application\/ld+json\" class=\"yoast-schema-graph\">{\"@context\":\"https:\/\/schema.org\",\"@graph\":[{\"@type\":\"WebPage\",\"@id\":\"https:\/\/consultancy.unboundxr.nl\/klm-transport-en-logistiek\",\"url\":\"https:\/\/consultancy.unboundxr.nl\/klm-transport-en-logistiek\",\"name\":\"KLM, transport en logistiek - Unbound Consultancy\",\"isPartOf\":{\"@id\":\"https:\/\/consultancy.unboundxr.nl\/#website\"},\"datePublished\":\"2024-04-17T07:56:49+00:00\",\"dateModified\":\"2024-05-06T09:40:12+00:00\",\"description\":\"KLM, transport en logistiek\",\"breadcrumb\":{\"@id\":\"https:\/\/consultancy.unboundxr.nl\/klm-transport-en-logistiek#breadcrumb\"},\"inLanguage\":\"en-GB\",\"potentialAction\":[{\"@type\":\"ReadAction\",\"target\":[\"https:\/\/consultancy.unboundxr.nl\/klm-transport-en-logistiek\"]}]},{\"@type\":\"BreadcrumbList\",\"@id\":\"https:\/\/consultancy.unboundxr.nl\/klm-transport-en-logistiek#breadcrumb\",\"itemListElement\":[{\"@type\":\"ListItem\",\"position\":1,\"name\":\"Home\",\"item\":\"https:\/\/consultancy.unboundxr.nl\/\"},{\"@type\":\"ListItem\",\"position\":2,\"name\":\"KLM, transport en logistiek\"}]},{\"@type\":\"WebSite\",\"@id\":\"https:\/\/consultancy.unboundxr.nl\/#website\",\"url\":\"https:\/\/consultancy.unboundxr.nl\/\",\"name\":\"Unbound XR Consultancy\",\"description\":\"XR strategy, implementation &amp; impact\",\"publisher\":{\"@id\":\"https:\/\/consultancy.unboundxr.nl\/#organization\"},\"alternateName\":\"Unbound Consultancy\",\"potentialAction\":[{\"@type\":\"SearchAction\",\"target\":{\"@type\":\"EntryPoint\",\"urlTemplate\":\"https:\/\/consultancy.unboundxr.nl\/?s={search_term_string}\"},\"query-input\":\"required name=search_term_string\"}],\"inLanguage\":\"en-GB\"},{\"@type\":\"Organization\",\"@id\":\"https:\/\/consultancy.unboundxr.nl\/#organization\",\"name\":\"Unbound XR\",\"url\":\"https:\/\/consultancy.unboundxr.nl\/\",\"logo\":{\"@type\":\"ImageObject\",\"inLanguage\":\"en-GB\",\"@id\":\"https:\/\/consultancy.unboundxr.nl\/#\/schema\/logo\/image\/\",\"url\":\"https:\/\/consultancy.unboundxr.nl\/wp-content\/uploads\/unboundxr-logo.svg\",\"contentUrl\":\"https:\/\/consultancy.unboundxr.nl\/wp-content\/uploads\/unboundxr-logo.svg\",\"width\":196,\"height\":30,\"caption\":\"Unbound XR\"},\"image\":{\"@id\":\"https:\/\/consultancy.unboundxr.nl\/#\/schema\/logo\/image\/\"},\"sameAs\":[\"https:\/\/www.facebook.com\/unbound.nl\/\",\"https:\/\/www.linkedin.com\/company\/unboundxr\/\"]}]}<\/script>\n<!-- \/ Yoast SEO plugin. -->","yoast_head_json":{"title":"KLM, transport en logistiek - Unbound Consultancy","description":"KLM, transport en logistiek","robots":{"index":"index","follow":"follow","max-snippet":"max-snippet:-1","max-image-preview":"max-image-preview:large","max-video-preview":"max-video-preview:-1"},"canonical":"https:\/\/consultancy.unboundxr.nl\/en\/klm-transport-en-logistiek\/","og_locale":"en_GB","og_type":"article","og_title":"KLM, transport en logistiek - Unbound Consultancy","og_description":"KLM, transport en logistiek","og_url":"https:\/\/consultancy.unboundxr.nl\/en\/klm-transport-en-logistiek\/","og_site_name":"Unbound Consultancy","article_publisher":"https:\/\/www.facebook.com\/unbound.nl\/","article_modified_time":"2024-05-06T09:40:12+00:00","og_image":[{"width":852,"height":474,"url":"https:\/\/consultancy.unboundxr.nl\/wp-content\/uploads\/klm_vr_c_klm_1280.jpg","type":"image\/jpeg"}],"twitter_card":"summary_large_image","twitter_misc":{"Estimated reading time":"4 minutes"},"schema":{"@context":"https:\/\/schema.org","@graph":[{"@type":"WebPage","@id":"https:\/\/consultancy.unboundxr.nl\/klm-transport-en-logistiek","url":"https:\/\/consultancy.unboundxr.nl\/klm-transport-en-logistiek","name":"KLM, transport en logistiek - Unbound Consultancy","isPartOf":{"@id":"https:\/\/consultancy.unboundxr.nl\/#website"},"datePublished":"2024-04-17T07:56:49+00:00","dateModified":"2024-05-06T09:40:12+00:00","description":"KLM, transport en logistiek","breadcrumb":{"@id":"https:\/\/consultancy.unboundxr.nl\/klm-transport-en-logistiek#breadcrumb"},"inLanguage":"en-GB","potentialAction":[{"@type":"ReadAction","target":["https:\/\/consultancy.unboundxr.nl\/klm-transport-en-logistiek"]}]},{"@type":"BreadcrumbList","@id":"https:\/\/consultancy.unboundxr.nl\/klm-transport-en-logistiek#breadcrumb","itemListElement":[{"@type":"ListItem","position":1,"name":"Home","item":"https:\/\/consultancy.unboundxr.nl\/"},{"@type":"ListItem","position":2,"name":"KLM, transport en logistiek"}]},{"@type":"WebSite","@id":"https:\/\/consultancy.unboundxr.nl\/#website","url":"https:\/\/consultancy.unboundxr.nl\/","name":"Unbound XR Consultancy","description":"XR strategy, implementation &amp; impact","publisher":{"@id":"https:\/\/consultancy.unboundxr.nl\/#organization"},"alternateName":"Unbound Consultancy","potentialAction":[{"@type":"SearchAction","target":{"@type":"EntryPoint","urlTemplate":"https:\/\/consultancy.unboundxr.nl\/?s={search_term_string}"},"query-input":"required name=search_term_string"}],"inLanguage":"en-GB"},{"@type":"Organization","@id":"https:\/\/consultancy.unboundxr.nl\/#organization","name":"Unbound XR","url":"https:\/\/consultancy.unboundxr.nl\/","logo":{"@type":"ImageObject","inLanguage":"en-GB","@id":"https:\/\/consultancy.unboundxr.nl\/#\/schema\/logo\/image\/","url":"https:\/\/consultancy.unboundxr.nl\/wp-content\/uploads\/unboundxr-logo.svg","contentUrl":"https:\/\/consultancy.unboundxr.nl\/wp-content\/uploads\/unboundxr-logo.svg","width":196,"height":30,"caption":"Unbound XR"},"image":{"@id":"https:\/\/consultancy.unboundxr.nl\/#\/schema\/logo\/image\/"},"sameAs":["https:\/\/www.facebook.com\/unbound.nl\/","https:\/\/www.linkedin.com\/company\/unboundxr\/"]}]}},"_links":{"self":[{"href":"https:\/\/consultancy.unboundxr.nl\/en\/wp-json\/wp\/v2\/pages\/754","targetHints":{"allow":["GET"]}}],"collection":[{"href":"https:\/\/consultancy.unboundxr.nl\/en\/wp-json\/wp\/v2\/pages"}],"about":[{"href":"https:\/\/consultancy.unboundxr.nl\/en\/wp-json\/wp\/v2\/types\/page"}],"author":[{"embeddable":true,"href":"https:\/\/consultancy.unboundxr.nl\/en\/wp-json\/wp\/v2\/users\/1"}],"replies":[{"embeddable":true,"href":"https:\/\/consultancy.unboundxr.nl\/en\/wp-json\/wp\/v2\/comments?post=754"}],"version-history":[{"count":40,"href":"https:\/\/consultancy.unboundxr.nl\/en\/wp-json\/wp\/v2\/pages\/754\/revisions"}],"predecessor-version":[{"id":991,"href":"https:\/\/consultancy.unboundxr.nl\/en\/wp-json\/wp\/v2\/pages\/754\/revisions\/991"}],"wp:featuredmedia":[{"embeddable":true,"href":"https:\/\/consultancy.unboundxr.nl\/en\/wp-json\/wp\/v2\/media\/755"}],"wp:attachment":[{"href":"https:\/\/consultancy.unboundxr.nl\/en\/wp-json\/wp\/v2\/media?parent=754"}],"curies":[{"name":"wp","href":"https:\/\/api.w.org\/{rel}","templated":true}]}}